{"id":380,"date":"2023-09-24T12:34:58","date_gmt":"2023-09-24T10:34:58","guid":{"rendered":"http:\/\/aa4t29uj.web15.alfahosting-server.de\/?page_id=380"},"modified":"2023-11-06T18:57:41","modified_gmt":"2023-11-06T17:57:41","slug":"impressum","status":"publish","type":"page","link":"https:\/\/www.dafo-deutschland.de\/de\/impressum\/","title":{"rendered":"Impressum"},"content":{"rendered":"<p>[et_pb_section fb_built=&#8221;1&#8243; _builder_version=&#8221;4.22.1&#8243; _module_preset=&#8221;default&#8221; custom_padding=&#8221;8px||2px|||&#8221; sticky_position=&#8221;top&#8221; sticky_position_tablet=&#8221;top&#8221; sticky_position_phone=&#8221;none&#8221; sticky_position_last_edited=&#8221;on|phone&#8221; box_shadow_style=&#8221;preset3&#8243; global_colors_info=&#8221;{}&#8221;][et_pb_row column_structure=&#8221;1_4,3_4&#8243; _builder_version=&#8221;4.22.1&#8243; _module_preset=&#8221;default&#8221; custom_margin=&#8221;-6px|auto||auto||&#8221; custom_margin_tablet=&#8221;-6px|auto||auto||&#8221; custom_margin_phone=&#8221;-6px|auto||auto||&#8221; custom_margin_last_edited=&#8221;on|phone&#8221; custom_padding=&#8221;0px||0px||false|false&#8221; global_colors_info=&#8221;{}&#8221;][et_pb_column type=&#8221;1_4&#8243; _builder_version=&#8221;4.22.1&#8243; _module_preset=&#8221;default&#8221; global_colors_info=&#8221;{}&#8221;][et_pb_image src=&#8221;http:\/\/aa4t29uj.web15.alfahosting-server.de\/wp-content\/uploads\/2023\/09\/dafo-logo.jpg&#8221; title_text=&#8221;dafo-logo&#8221; url=&#8221;http:\/\/aa4t29uj.web15.alfahosting-server.de\/&#8221; _builder_version=&#8221;4.22.2&#8243; _module_preset=&#8221;default&#8221; width=&#8221;60%&#8221; max_width=&#8221;60%&#8221; global_colors_info=&#8221;{}&#8221;][\/et_pb_image][\/et_pb_column][et_pb_column type=&#8221;3_4&#8243; _builder_version=&#8221;4.22.1&#8243; _module_preset=&#8221;default&#8221; global_colors_info=&#8221;{}&#8221;][et_pb_menu menu_icon_color=&#8221;#E50913&#8243; menu_icon_font_size=&#8221;40px&#8221; _builder_version=&#8221;4.22.1&#8243; _module_preset=&#8221;default&#8221; menu_font=&#8221;|600|||||||&#8221; menu_font_size=&#8221;16px&#8221; custom_padding=&#8221;17px|||0px|false|false&#8221; custom_padding_tablet=&#8221;17px|||0px|false|false&#8221; custom_padding_phone=&#8221;0px|||0px|false|false&#8221; custom_padding_last_edited=&#8221;on|phone&#8221; menu_font_tablet=&#8221;|600|||||||&#8221; menu_font_phone=&#8221;|600|||||||&#8221; menu_font_last_edited=&#8221;on|phone&#8221; sticky_position_tablet=&#8221;&#8221; sticky_position_phone=&#8221;top&#8221; sticky_position_last_edited=&#8221;on|phone&#8221; global_colors_info=&#8221;{}&#8221;][\/et_pb_menu][\/et_pb_column][\/et_pb_row][\/et_pb_section][et_pb_section fb_built=&#8221;1&#8243; custom_padding_last_edited=&#8221;off|desktop&#8221; admin_label=&#8221;Header&#8221; _builder_version=&#8221;4.22.1&#8243; background_image=&#8221;http:\/\/aa4t29uj.web15.alfahosting-server.de\/wp-content\/uploads\/2023\/09\/Dafo-Hintergrund-weiss_1920-1080.jpg&#8221; custom_padding=&#8221;2vw||2vw||true|false&#8221; custom_padding_tablet=&#8221;||||false|false&#8221; custom_padding_phone=&#8221;||||false|false&#8221; locked=&#8221;off&#8221; global_colors_info=&#8221;{}&#8221;][et_pb_row column_structure=&#8221;1_2,1_2&#8243; _builder_version=&#8221;4.22.1&#8243; _module_preset=&#8221;default&#8221; custom_padding=&#8221;32px|||||&#8221; global_colors_info=&#8221;{}&#8221;][et_pb_column type=&#8221;1_2&#8243; _builder_version=&#8221;4.22.1&#8243; _module_preset=&#8221;default&#8221; border_radii=&#8221;off|2px|2px||&#8221; border_color_all=&#8221;#E50913&#8243; border_width_top=&#8221;7px&#8221; border_color_top=&#8221;#E02B20&#8243; global_colors_info=&#8221;{}&#8221;][et_pb_text _builder_version=&#8221;4.22.2&#8243; text_text_color=&#8221;RGBA(10,0,0,0.6)&#8221; header_font=&#8221;|700||on|||||&#8221; header_text_color=&#8221;rgba(10,0,0,0.6)&#8221; header_font_size=&#8221;45px&#8221; header_letter_spacing=&#8221;3px&#8221; header_line_height=&#8221;1.2em&#8221; header_2_font=&#8221;|600||on|||||&#8221; header_2_text_color=&#8221;rgba(10,0,0,0.6)&#8221; header_2_font_size=&#8221;24px&#8221; header_2_letter_spacing=&#8221;4px&#8221; header_2_line_height=&#8221;2em&#8221; header_4_text_color=&#8221;RGBA(10,0,0,0.6)&#8221; background_layout=&#8221;dark&#8221; min_height=&#8221;210.9px&#8221; custom_margin=&#8221;2px||2px|||&#8221; custom_padding=&#8221;22px||0px|||&#8221; header_font_size_tablet=&#8221;50px&#8221; header_font_size_phone=&#8221;26px&#8221; header_font_size_last_edited=&#8221;on|phone&#8221; header_2_font_size_tablet=&#8221;18px&#8221; header_2_font_size_phone=&#8221;14px&#8221; header_2_font_size_last_edited=&#8221;on|phone&#8221; locked=&#8221;off&#8221; global_colors_info=&#8221;{}&#8221;]<\/p>\n<h2>Impressum<\/h2>\n<div class=\"et_pb_module et_pb_blurb et_pb_blurb_0  et_pb_text_align_left  et_pb_blurb_position_left et_pb_bg_layout_light\">\n<div class=\"et_pb_blurb_content\">\n<div class=\"et_pb_blurb_container\">\n<h4 class=\"et_pb_module_header\"><span><\/span><\/h4>\n<h4 class=\"et_pb_module_header\"><span><\/span><\/h4>\n<h4 class=\"et_pb_module_header\"><\/h4>\n<h4 class=\"et_pb_module_header\">Dafo Deutschland GmbH<span><\/span><\/h4>\n<div class=\"et_pb_blurb_description\">\n<p>Josef Reuschenbach Stra\u00dfe 8<br \/>53547 Breitscheid<\/p>\n<p>T:\u00a0 +49 (0)2638 2359614<br \/>E: \u00a0<a href=\"mailto:info@dafo-deutschland.de\">info@dafo-deutschland.de<\/a><br \/>W: <a href=\"http:\/\/www.dafo-deutschland.de\">www.dafo-deutschland.de<\/a><\/p>\n<p>Gesch\u00e4ftsf\u00fchrer: Markus Stille<\/p>\n<p>Handelsregister Koblenz, HRB 22439<br \/>USD-ID-Nr.: DE 275137193<\/p>\n<p>&nbsp;<\/p>\n<\/div>\n<\/div>\n<\/div>\n<\/div>\n<p>[\/et_pb_text][\/et_pb_column][et_pb_column type=&#8221;1_2&#8243; _builder_version=&#8221;4.22.1&#8243; _module_preset=&#8221;default&#8221; global_colors_info=&#8221;{}&#8221;][et_pb_image src=&#8221;http:\/\/aa4t29uj.web15.alfahosting-server.de\/wp-content\/uploads\/2023\/09\/Forrex.jpg&#8221; title_text=&#8221;Forrex&#8221; _builder_version=&#8221;4.22.1&#8243; _module_preset=&#8221;default&#8221; width=&#8221;100%&#8221; animation_style=&#8221;zoom&#8221; global_colors_info=&#8221;{}&#8221;][\/et_pb_image][\/et_pb_column][\/et_pb_row][\/et_pb_section][et_pb_section fb_built=&#8221;1&#8243; _builder_version=&#8221;4.22.2&#8243; _module_preset=&#8221;default&#8221; custom_padding=&#8221;16px|||||&#8221; global_colors_info=&#8221;{}&#8221;][et_pb_row _builder_version=&#8221;4.22.2&#8243; _module_preset=&#8221;default&#8221; global_colors_info=&#8221;{}&#8221;][et_pb_column type=&#8221;4_4&#8243; _builder_version=&#8221;4.22.2&#8243; _module_preset=&#8221;default&#8221; global_colors_info=&#8221;{}&#8221;][et_pb_text _builder_version=&#8221;4.22.2&#8243; _module_preset=&#8221;default&#8221; hover_enabled=&#8221;0&#8243; global_colors_info=&#8221;{}&#8221; sticky_enabled=&#8221;0&#8243;]<\/p>\n<h3><span>Disclaimer<\/span><\/h3>\n<p><span><\/span><\/p>\n<p><span><\/span><\/p>\n<p><strong>Haftung<\/strong><\/p>\n<p><span>Wir haben alle Anstrengungen unternommen, um korrekte Informationen auf dieser Website zum Zeitpunkt der Ver\u00f6ffentlichung sicherzustellen. Dafo Deutschland \u00fcbernimmt keine Garantie f\u00fcr ihre Richtigkeit sowie keine Haftung dritten Parteien auf der ganzen Welt gegen\u00fcber f\u00fcr alle Personensch\u00e4den, Folgesch\u00e4den, mittelbare Sch\u00e4den, Verm\u00f6genssch\u00e4den oder sonstige Sch\u00e4den, die durch den Gebrauch oder das Vertrauen auf die auf dieser Website enthaltenen Informationen entstehen.<\/span><\/p>\n<p><strong>Weiterf\u00fchrende Links<\/strong><\/p>\n<p><span>An verschiedenen Stellen unserer Informationsangebotes verweist unsere Internetseite auf fremde Websites. Die Links dienen ausschlie\u00dflich der Information \u2013 werben jedoch nicht f\u00fcr die Inhalte dieser Seiten.<\/span><br \/><span>Dafo Deutschland erkl\u00e4rt ausdr\u00fccklich, dass zum Zeitpunkt der Linksetzung die verlinkten Seiten frei von illegalen Inhalten waren. Dafo Deutschland hat keinerlei Einfluss auf die aktuelle und zuk\u00fcnftige Gestaltung und auf die Inhalte der verkn\u00fcpften Seiten und macht sich diese nicht zu Eigen. Deshalb distanziert sich Dafo Deutschland hiermit ausdr\u00fccklich von allen Inhalten aller verkn\u00fcpften Seiten, die nach der Linksetzung ver\u00e4ndert wurden. Diese Feststellung gilt f\u00fcr alle innerhalb des eigenen Internetangebotes gesetzten Links und Verweise. F\u00fcr illegale, fehlerhafte oder unvollst\u00e4ndige Inhalte und insbesondere f\u00fcr Sch\u00e4den, die aus der Nutzung oder Nichtnutzung solcher Informationen entstehen, haftet allein der Anbieter der Website, auf welche verwiesen wurde.<\/span><\/p>\n<p><strong>Urheberrechte<\/strong><\/p>\n<p>Die Dafo Deutschland GmbH ist Urheberin der Texte, des Layouts und der Fotos auf allen Internetseiten, die auf dieses Impressum verweisen \u2013 mit Ausnahme von Bildern, die im Bildnachweis gesondert aufgef\u00fchrt werden. Die Inhalte sind urheberrechtlich gesch\u00fctzt \u2013 die Vervielf\u00e4ltigung, \u00c4nderung, Verbreitung oder Speicherung von Informationen oder Daten, insbesondere von Texten, Textteilen, interaktiven Anwendungen oder Bildmaterial \u2013 auch auszugsweise \u2013 bedarf der vorherigen schriftlichen Genehmigung der Urheberin.<\/p>\n<p>Meldungen \u00fcber missbr\u00e4uchliche Nutzungen, senden Sie bitte an die E-Mail-Adresse<span>\u00a0<\/span><a href=\"mailto:info@axides.de\">info@dafo-deutschland.de<\/a><\/p>\n<p>[\/et_pb_text][\/et_pb_column][\/et_pb_row][\/et_pb_section][et_pb_section fb_built=&#8221;1&#8243; inner_shadow=&#8221;on&#8221; _builder_version=&#8221;4.22.1&#8243; _module_preset=&#8221;default&#8221; background_color=&#8221;rgba(10,10,10,0.85)&#8221; custom_padding=&#8221;9px||8px|||&#8221; global_colors_info=&#8221;{}&#8221;][et_pb_row column_structure=&#8221;1_4,1_4,1_4,1_4&#8243; use_custom_gutter=&#8221;on&#8221; gutter_width=&#8221;2&#8243; _builder_version=&#8221;4.16&#8243; custom_padding=&#8221;||11px|||&#8221; global_colors_info=&#8221;{}&#8221;][et_pb_column type=&#8221;1_4&#8243; _builder_version=&#8221;4.16&#8243; global_colors_info=&#8221;{}&#8221;][et_pb_text _builder_version=&#8221;4.22.1&#8243; text_text_color=&#8221;rgba(255,255,255,0.7)&#8221; text_font_size=&#8221;12px&#8221; text_line_height=&#8221;2em&#8221; header_6_font=&#8221;Heebo|700||on|||||&#8221; header_6_text_color=&#8221;#ffffff&#8221; header_6_letter_spacing=&#8221;3px&#8221; header_6_line_height=&#8221;2em&#8221; background_layout=&#8221;dark&#8221; text_font_size_tablet=&#8221;&#8221; text_font_size_phone=&#8221;14px&#8221; text_font_size_last_edited=&#8221;on|phone&#8221; locked=&#8221;off&#8221; global_colors_info=&#8221;{}&#8221;]<\/p>\n<h6>Adresse<\/h6>\n<p><span>Josef Reuschenbach Str. 8<br \/><\/span>53547 Breitscheid<\/p>\n<p>[\/et_pb_text][\/et_pb_column][et_pb_column type=&#8221;1_4&#8243; _builder_version=&#8221;4.16&#8243; global_colors_info=&#8221;{}&#8221;][et_pb_text _builder_version=&#8221;4.22.1&#8243; text_text_color=&#8221;rgba(255,255,255,0.7)&#8221; text_font_size=&#8221;12px&#8221; text_line_height=&#8221;2em&#8221; header_6_font=&#8221;Heebo|700||on|||||&#8221; header_6_text_color=&#8221;#ffffff&#8221; header_6_letter_spacing=&#8221;3px&#8221; header_6_line_height=&#8221;2em&#8221; background_layout=&#8221;dark&#8221; text_font_size_tablet=&#8221;&#8221; text_font_size_phone=&#8221;14px&#8221; text_font_size_last_edited=&#8221;on|phone&#8221; locked=&#8221;off&#8221; global_colors_info=&#8221;{}&#8221;]<\/p>\n<h6>Telefon<\/h6>\n<p><span>+49 (2638) 2359614<\/span><\/p>\n<p>[\/et_pb_text][\/et_pb_column][et_pb_column type=&#8221;1_4&#8243; _builder_version=&#8221;4.16&#8243; global_colors_info=&#8221;{}&#8221;][et_pb_text disabled_on=&#8221;on|on|off&#8221; _builder_version=&#8221;4.22.1&#8243; text_font=&#8221;||||||||&#8221; text_text_color=&#8221;rgba(255,255,255,0.7)&#8221; text_font_size=&#8221;12px&#8221; text_line_height=&#8221;2em&#8221; link_text_color=&#8221;rgba(255,255,255,0.7)&#8221; link_font_size=&#8221;16px&#8221; link_line_height=&#8221;2em&#8221; header_6_font=&#8221;Heebo|700||on|||||&#8221; header_6_text_color=&#8221;#ffffff&#8221; header_6_letter_spacing=&#8221;3px&#8221; header_6_line_height=&#8221;2em&#8221; background_layout=&#8221;dark&#8221; custom_padding=&#8221;||0px|||&#8221; link_font_size_tablet=&#8221;&#8221; link_font_size_phone=&#8221;14px&#8221; link_font_size_last_edited=&#8221;on|phone&#8221; link_text_shadow_style=&#8221;preset5&#8243; locked=&#8221;off&#8221; global_colors_info=&#8221;{}&#8221;]<\/p>\n<h6 id=\"h_79570529221694970595860\">E-MAIL<\/h6>\n<p>info(at)dafo-deutschland.de<\/p>\n<p>[\/et_pb_text][\/et_pb_column][et_pb_column type=&#8221;1_4&#8243; _builder_version=&#8221;4.16&#8243; global_colors_info=&#8221;{}&#8221;][et_pb_text disabled_on=&#8221;on|on|off&#8221; _builder_version=&#8221;4.22.1&#8243; text_text_color=&#8221;rgba(255,255,255,0.7)&#8221; text_line_height=&#8221;2em&#8221; header_6_font=&#8221;Heebo|700||on|||||&#8221; header_6_text_color=&#8221;#ffffff&#8221; header_6_letter_spacing=&#8221;3px&#8221; header_6_line_height=&#8221;2em&#8221; background_layout=&#8221;dark&#8221; custom_margin=&#8221;||0px||false|false&#8221; locked=&#8221;off&#8221; global_colors_info=&#8221;{}&#8221;]<\/p>\n<h6>Men\u00fc<\/h6>\n<p>[\/et_pb_text][et_pb_menu dropdown_menu_text_color=&#8221;#FFFFFF&#8221; mobile_menu_text_color=&#8221;#FFFFFF&#8221; menu_icon_color=&#8221;#FFFFFF&#8221; menu_icon_color_tablet=&#8221;#FFFFFF&#8221; menu_icon_color_phone=&#8221;#FFFFFF&#8221; menu_icon_color_last_edited=&#8221;on|phone&#8221; disabled_on=&#8221;on|on|off&#8221; _builder_version=&#8221;4.22.1&#8243; _module_preset=&#8221;default&#8221; menu_text_color=&#8221;rgba(255,255,255,0.7)&#8221; menu_font_size=&#8221;12px&#8221; background_color=&#8221;gcid-1bb07058-d1f6-4cc8-a92f-114a0e7b096f&#8221; border_color_all=&#8221;#FFFFFF&#8221; global_colors_info=&#8221;{%22gcid-1bb07058-d1f6-4cc8-a92f-114a0e7b096f%22:%91%22background_color%22%93}&#8221;][\/et_pb_menu][\/et_pb_column][\/et_pb_row][\/et_pb_section][et_pb_section fb_built=&#8221;1&#8243; _builder_version=&#8221;4.22.1&#8243; _module_preset=&#8221;default&#8221; background_color=&#8221;#000000&#8243; custom_padding=&#8221;11px||7px|||&#8221; global_colors_info=&#8221;{}&#8221;][et_pb_row _builder_version=&#8221;4.22.1&#8243; _module_preset=&#8221;default&#8221; custom_padding=&#8221;7px||7px|||&#8221; global_colors_info=&#8221;{}&#8221;][et_pb_column type=&#8221;4_4&#8243; _builder_version=&#8221;4.22.1&#8243; _module_preset=&#8221;default&#8221; global_colors_info=&#8221;{}&#8221;][et_pb_text _builder_version=&#8221;4.22.1&#8243; _module_preset=&#8221;default&#8221; text_font=&#8221;|700||on|||||&#8221; text_text_color=&#8221;#FFFFFF&#8221; text_font_size=&#8221;12px&#8221; text_letter_spacing=&#8221;3px&#8221; text_line_height=&#8221;2em&#8221; global_colors_info=&#8221;{}&#8221;]<\/p>\n<p style=\"text-align: center;\"><a href=\"http:\/\/aa4t29uj.web15.alfahosting-server.de\/impressum\/\" title=\"Impressum\" target=\"_blank\" rel=\"noopener\">IMPRESSUM<\/a>\u00a0 <a href=\"http:\/\/aa4t29uj.web15.alfahosting-server.de\/datenschutz\/\" title=\"Datenschutz\" target=\"_blank\" rel=\"noopener\">DATENSCHUTZ<\/a><\/p>\n<p>[\/et_pb_text][\/et_pb_column][\/et_pb_row][\/et_pb_section]<\/p>\n","protected":false},"excerpt":{"rendered":"<p>Impressum Dafo Deutschland GmbH Josef Reuschenbach Stra\u00dfe 853547 Breitscheid T:\u00a0 +49 (0)2638 2359614E: \u00a0info@dafo-deutschland.deW: www.dafo-deutschland.de Gesch\u00e4ftsf\u00fchrer: Markus Stille Handelsregister Koblenz, HRB 22439USD-ID-Nr.: DE 275137193 &nbsp; Disclaimer Haftung Wir haben alle Anstrengungen unternommen, um korrekte Informationen auf dieser Website zum Zeitpunkt der Ver\u00f6ffentlichung sicherzustellen. Dafo Deutschland \u00fcbernimmt keine Garantie f\u00fcr ihre Richtigkeit sowie keine Haftung dritten [&hellip;]<\/p>\n","protected":false},"author":2,"featured_media":0,"parent":0,"menu_order":0,"comment_status":"closed","ping_status":"closed","template":"","meta":{"_et_pb_use_builder":"on","_et_pb_old_content":"","_et_gb_content_width":"","footnotes":""},"class_list":["post-380","page","type-page","status-publish","hentry"],"_links":{"self":[{"href":"https:\/\/www.dafo-deutschland.de\/de\/wp-json\/wp\/v2\/pages\/380","targetHints":{"allow":["GET"]}}],"collection":[{"href":"https:\/\/www.dafo-deutschland.de\/de\/wp-json\/wp\/v2\/pages"}],"about":[{"href":"https:\/\/www.dafo-deutschland.de\/de\/wp-json\/wp\/v2\/types\/page"}],"author":[{"embeddable":true,"href":"https:\/\/www.dafo-deutschland.de\/de\/wp-json\/wp\/v2\/users\/2"}],"replies":[{"embeddable":true,"href":"https:\/\/www.dafo-deutschland.de\/de\/wp-json\/wp\/v2\/comments?post=380"}],"version-history":[{"count":0,"href":"https:\/\/www.dafo-deutschland.de\/de\/wp-json\/wp\/v2\/pages\/380\/revisions"}],"wp:attachment":[{"href":"https:\/\/www.dafo-deutschland.de\/de\/wp-json\/wp\/v2\/media?parent=380"}],"curies":[{"name":"wp","href":"https:\/\/api.w.org\/{rel}","templated":true}]}}