{"id":696,"date":"2023-10-15T12:16:11","date_gmt":"2023-10-15T10:16:11","guid":{"rendered":"http:\/\/aa4t29uj.web15.alfahosting-server.de\/?page_id=696"},"modified":"2023-11-06T18:57:05","modified_gmt":"2023-11-06T17:57:05","slug":"datenschutz","status":"publish","type":"page","link":"https:\/\/www.dafo-deutschland.de\/de\/datenschutz\/","title":{"rendered":"Datenschutz"},"content":{"rendered":"\n[et_pb_section fb_built=&#8221;1&#8243; custom_padding_last_edited=&#8221;off|desktop&#8221; admin_label=&#8221;Header&#8221; _builder_version=&#8221;4.22.1&#8243; background_image=&#8221;http:\/\/aa4t29uj.web15.alfahosting-server.de\/wp-content\/uploads\/2023\/09\/Dafo-Hintergrund-weiss_1920-1080.jpg&#8221; custom_padding=&#8221;0vw||0vw||true|false&#8221; custom_padding_tablet=&#8221;||||false|false&#8221; custom_padding_phone=&#8221;||||false|false&#8221; locked=&#8221;off&#8221; global_colors_info=&#8221;{}&#8221;][et_pb_row column_structure=&#8221;1_2,1_2&#8243; _builder_version=&#8221;4.22.1&#8243; _module_preset=&#8221;default&#8221; custom_padding=&#8221;32px||0px|||&#8221; global_colors_info=&#8221;{}&#8221;][et_pb_column type=&#8221;1_2&#8243; _builder_version=&#8221;4.22.1&#8243; _module_preset=&#8221;default&#8221; border_radii=&#8221;off|2px|2px||&#8221; border_color_all=&#8221;#E50913&#8243; border_width_top=&#8221;7px&#8221; border_color_top=&#8221;#E02B20&#8243; global_colors_info=&#8221;{}&#8221;][et_pb_text _builder_version=&#8221;4.22.2&#8243; text_text_color=&#8221;RGBA(10,0,0,0.6)&#8221; header_font=&#8221;|700||on|||||&#8221; header_text_color=&#8221;rgba(10,0,0,0.6)&#8221; header_font_size=&#8221;45px&#8221; header_letter_spacing=&#8221;3px&#8221; header_line_height=&#8221;1.2em&#8221; header_2_font=&#8221;|600||on|||||&#8221; header_2_text_color=&#8221;rgba(10,0,0,0.6)&#8221; header_2_font_size=&#8221;24px&#8221; header_2_letter_spacing=&#8221;4px&#8221; header_2_line_height=&#8221;2em&#8221; header_4_text_color=&#8221;RGBA(10,0,0,0.6)&#8221; header_4_font_size=&#8221;16px&#8221; header_4_letter_spacing=&#8221;1px&#8221; header_4_line_height=&#8221;1.4em&#8221; background_layout=&#8221;dark&#8221; min_height=&#8221;210.9px&#8221; custom_margin=&#8221;2px||2px|||&#8221; custom_padding=&#8221;22px|50px|0px|||&#8221; custom_padding_tablet=&#8221;22px|50px|0px|||&#8221; custom_padding_phone=&#8221;|20px|||false|false&#8221; custom_padding_last_edited=&#8221;on|phone&#8221; header_font_size_tablet=&#8221;50px&#8221; header_font_size_phone=&#8221;26px&#8221; header_font_size_last_edited=&#8221;on|phone&#8221; header_2_font_size_tablet=&#8221;18px&#8221; header_2_font_size_phone=&#8221;14px&#8221; header_2_font_size_last_edited=&#8221;on|phone&#8221; locked=&#8221;off&#8221; global_colors_info=&#8221;{}&#8221;]<h2>Datenschutzerkl\u00e4rung<\/h2>\n<div class=\"et_pb_module et_pb_blurb et_pb_blurb_0  et_pb_text_align_left  et_pb_blurb_position_left et_pb_bg_layout_light\">\n<div class=\"et_pb_blurb_content\">\n<div class=\"et_pb_blurb_container\">\n<p class=\"et_pb_module_header\"><span><\/span><\/p>\n<p class=\"et_pb_module_header\"><span><\/span><\/p>\n<h4 class=\"et_pb_module_header\"><span>Personenbezogene Daten (nachfolgend zumeist nur \u201eDaten\u201c genannt) werden von uns nur im Rahmen der Erforderlichkeit sowie zum Zwecke der Bereitstellung eines funktionsf\u00e4higen und nutzerfreundlichen Internetauftritts, inklusive seiner Inhalte und der dort angebotenen Leistungen, verarbeitet.<\/span><\/h4>\n<\/div>\n<\/div>\n<\/div>[\/et_pb_text][\/et_pb_column][et_pb_column type=&#8221;1_2&#8243; _builder_version=&#8221;4.22.1&#8243; _module_preset=&#8221;default&#8221; global_colors_info=&#8221;{}&#8221;][et_pb_image src=&#8221;http:\/\/aa4t29uj.web15.alfahosting-server.de\/wp-content\/uploads\/2023\/09\/Forrex.jpg&#8221; title_text=&#8221;Forrex&#8221; _builder_version=&#8221;4.22.2&#8243; _module_preset=&#8221;default&#8221; global_colors_info=&#8221;{}&#8221;][\/et_pb_image][\/et_pb_column][\/et_pb_row][\/et_pb_section][et_pb_section fb_built=&#8221;1&#8243; _builder_version=&#8221;4.22.2&#8243; _module_preset=&#8221;default&#8221; custom_margin=&#8221;1px|||||&#8221; custom_padding=&#8221;18px|||||&#8221; global_colors_info=&#8221;{}&#8221;][et_pb_row _builder_version=&#8221;4.22.2&#8243; _module_preset=&#8221;default&#8221; custom_padding=&#8221;9px|||||&#8221; global_colors_info=&#8221;{}&#8221;][et_pb_column type=&#8221;4_4&#8243; _builder_version=&#8221;4.22.2&#8243; _module_preset=&#8221;default&#8221; global_colors_info=&#8221;{}&#8221;][et_pb_text _builder_version=&#8221;4.22.2&#8243; _module_preset=&#8221;default&#8221; custom_padding=&#8221;11px|86px||||&#8221; custom_padding_tablet=&#8221;11px|86px||||&#8221; custom_padding_phone=&#8221;|20px|||false|false&#8221; custom_padding_last_edited=&#8221;on|phone&#8221; global_colors_info=&#8221;{}&#8221;]<p>Gem\u00e4\u00df Art. 4 Ziffer 1. der Verordnung (EU) 2016\/679, also der Datenschutz-Grundverordnung (nachfolgend nur \u201eDSGVO\u201c genannt), gilt als \u201eVerarbeitung\u201c jeder mit oder ohne Hilfe automatisierter Verfahren ausgef\u00fchrter Vorgang oder jede solche Vorgangsreihe im Zusammenhang mit personenbezogenen Daten, wie das Erheben, das Erfassen, die Organisation, das Ordnen, die Speicherung, die Anpassung oder Ver\u00e4nderung, das Auslesen, das Abfragen, die Verwendung, die Offenlegung durch \u00dcbermittlung, Verbreitung oder eine andere Form der Bereitstellung, den Abgleich oder die Verkn\u00fcpfung, die Einschr\u00e4nkung, das L\u00f6schen oder die Vernichtung.<\/p>\n<p>Mit der nachfolgenden Datenschutzerkl\u00e4rung informieren wir Sie insbesondere \u00fcber Art, Umfang, Zweck, Dauer und Rechtsgrundlage der Verarbeitung personenbezogener Daten, soweit wir entweder allein oder gemeinsam mit anderen \u00fcber die Zwecke und Mittel der Verarbeitung entscheiden. Zudem informieren wir Sie nachfolgend \u00fcber die von uns zu Optimierungszwecken sowie zur Steigerung der Nutzungsqualit\u00e4t eingesetzten Fremdkomponenten, soweit hierdurch Dritte Daten in wiederum eigener Verantwortung verarbeiten.<\/p>\n<p>Unsere Datenschutzerkl\u00e4rung ist wie folgt gegliedert:<\/p>\n<p>I. Informationen \u00fcber uns als Verantwortliche<br \/>II. Rechte der Nutzer und Betroffenen<br \/>III. Informationen zur Datenverarbeitung<\/p>\n<h3 class=\"wp-block-heading\">I. Informationen \u00fcber uns als Verantwortliche<\/h3>\n<p>Verantwortlicher Anbieter dieses Internetauftritts im datenschutzrechtlichen Sinne ist:<\/p>\n<p>Dafo Deutschland GmbH<br \/>Markus Stille<br \/>Josef Reuschenbach Str., 8<br \/>53547, Breitscheid<\/p>\n<p>Telefon: +49 (2638) 2359614<br \/>Telefax: [Faxnummer]<br \/>E-Mail: info@dafo-deutschland.de<\/p>\n<p>Datenschutzbeauftragte\/r beim Anbieter ist:<\/p>\n<p>[DSB \u2013 Vorname, Nachname]<br \/>Telefon: [DSB \u2013 Telefonnummer]<br \/>Telefax: [DSB \u2013 Faxnummer]<br \/>E-Mail: [DSB \u2013 E-Mail]<\/p>\n<p>[nachfolgende Angaben sind zu erg\u00e4nzen, sofern ein Externer Datenschutzbeauftragter bestellt ist]<\/p>\n<p>[DSB-Extern \u2013 Stra\u00dfe, Hausnummer]<br \/>[DSB-Extern \u2013 Postleitzahl, Ort]<\/p>\n<h3 class=\"wp-block-heading\">II. Rechte der Nutzer und Betroffenen<\/h3>\n<p>Mit Blick auf die nachfolgend noch n\u00e4her beschriebene Datenverarbeitung haben die Nutzer und Betroffenen das Recht<\/p>\n<ul>\n<li>auf Best\u00e4tigung, ob sie betreffende Daten verarbeitet werden, auf Auskunft \u00fcber die verarbeiteten Daten, auf weitere Informationen \u00fcber die Datenverarbeitung sowie auf Kopien der Daten (vgl. auch Art. 15 DSGVO);<\/li>\n<li>auf Berichtigung oder Vervollst\u00e4ndigung unrichtiger bzw. unvollst\u00e4ndiger Daten (vgl. auch Art. 16 DSGVO);<\/li>\n<li>auf unverz\u00fcgliche L\u00f6schung der sie betreffenden Daten (vgl. auch Art. 17 DSGVO), oder, alternativ, soweit eine weitere Verarbeitung gem\u00e4\u00df Art. 17 Abs. 3 DSGVO erforderlich ist, auf Einschr\u00e4nkung der Verarbeitung nach Ma\u00dfgabe von Art. 18 DSGVO;<\/li>\n<li>auf Erhalt der sie betreffenden und von ihnen bereitgestellten Daten und auf \u00dcbermittlung dieser Daten an andere Anbieter\/Verantwortliche (vgl. auch Art. 20 DSGVO);<\/li>\n<li>auf Beschwerde gegen\u00fcber der Aufsichtsbeh\u00f6rde, sofern sie der Ansicht sind, dass die sie betreffenden Daten durch den Anbieter unter Versto\u00df gegen datenschutzrechtliche Bestimmungen verarbeitet werden (vgl. auch Art. 77 DSGVO).<\/li>\n<\/ul>\n<p>Dar\u00fcber hinaus ist der Anbieter dazu verpflichtet, alle Empf\u00e4nger, denen gegen\u00fcber Daten durch den Anbieter offengelegt worden sind, \u00fcber jedwede Berichtigung oder L\u00f6schung von Daten oder die Einschr\u00e4nkung der Verarbeitung, die aufgrund der Artikel 16, 17 Abs. 1, 18 DSGVO erfolgt, zu unterrichten. Diese Verpflichtung besteht jedoch nicht, soweit diese Mitteilung unm\u00f6glich oder mit einem unverh\u00e4ltnism\u00e4\u00dfigen Aufwand verbunden ist. Unbeschadet dessen hat der Nutzer ein Recht auf Auskunft \u00fcber diese Empf\u00e4nger.<\/p>\n<p><strong>Ebenfalls haben die Nutzer und Betroffenen nach Art. 21 DSGVO das Recht auf Widerspruch gegen die k\u00fcnftige Verarbeitung der sie betreffenden Daten, sofern die Daten durch den Anbieter nach Ma\u00dfgabe von Art. 6 Abs. 1 lit. f) DSGVO verarbeitet werden. Insbesondere ist ein Widerspruch gegen die Datenverarbeitung zum Zwecke der Direktwerbung statthaft.<\/strong><\/p>\n<h3 class=\"wp-block-heading\">III. Informationen zur Datenverarbeitung<\/h3>\n<p>Ihre bei Nutzung unseres Internetauftritts verarbeiteten Daten werden gel\u00f6scht oder gesperrt, sobald der Zweck der Speicherung entf\u00e4llt, der L\u00f6schung der Daten keine gesetzlichen Aufbewahrungspflichten entgegenstehen und nachfolgend keine anderslautenden Angaben zu einzelnen Verarbeitungsverfahren gemacht werden.<\/p>\n<h4 class=\"jet-listing-dynamic-field__content\">CloudFlare<\/h4>\n<p>Zur Absicherung unseres Internetauftritts sowie zur Optimierung der Ladezeiten setzen wir den Dienst CloudFlare als sog. CDN (Content-Delivery-Network) ein. Es handelt sich hierbei um einen Dienst der Cloudflare Inc., 101 Townsend Street, San Francisco, California 94107, USA, nachfolgend nur \u201eCloudFlare\u201c genannt.<\/p>\n<p>Rechtsgrundlage ist Art. 6 Abs. 1 lit. f) DSGVO. Unser berechtigtes Interesse liegt in dem sicheren Betrieb unseres Internetauftritts sowie in dessen Optimierung.<\/p>\n<p>Sofern Sie unseren Internetauftritt aufrufen, werden Ihre Anfragen \u00fcber den Server von CloudFlare geleitet. Hierbei werden statistische Zugriffsdaten \u00fcber den Besuch unseres Internetauftritts erhoben und durch CloudFlare ein Cookie \u00fcber Ihren Internet-Browser auf Ihrem Endger\u00e4t gespeichert. Zu den Zugriffsdaten z\u00e4hlen<\/p>\n<p>\u2013 Ihre IP-Adresse,<\/p>\n<p>\u2013 die von Ihnen aufgerufene(n) Internetseite(n) unseres Internetauftritts,<\/p>\n<p>\u2013 Typ und Version des von Ihnen genutzten Internet \u2013 Browsers,<\/p>\n<p>\u2013 das von Ihnen genutzte Betriebssystem,<\/p>\n<p>\u2013 die Internetseite, von der sie auf unseren Internetauftritt gewechselt haben (Referrer- URL),<\/p>\n<p>\u2013 Ihre Verweildauer auf unserem Internetauftritt und<\/p>\n<p>\u2013 die H\u00e4ufigkeit des Aufrufs unserer Internetseiten.<\/p>\n<p>Die Daten werden durch CloudFlare zum Zwecke statistischer Auswertungen der Zugriffe sowie zur Sicherheit und Optimierung des Angebots verwendet.<\/p>\n<p>Sofern Sie mit dieser Verarbeitung nicht einverstanden sind, haben Sie die M\u00f6glichkeit, die Installation der Cookies durch die entsprechenden Einstellungen in Ihrem Internet-Browser zu verhindern. Einzelheiten hierzu finden Sie vorstehend unter dem Punkt \u201eCookies\u201c.<\/p>\n<p>CloudFlare bietet unter<\/p>\n<p><a href=\"https:\/\/www.cloudflare.com\/privacypolicy\/\" target=\"_blank\" rel=\"noopener nofollow\">https:\/\/www.cloudflare.com\/privacypolicy\/<\/a><\/p>\n<p>weitere Informationen zur Erhebung und Nutzung der Daten sowie zu Ihren Rechten und M\u00f6glichkeiten zum Schutz Ihrer Privatsph\u00e4re an.<\/p>\n<h4 class=\"jet-listing-dynamic-field__content\">YouTube<\/h4>\n<p>In unserem Internetauftritt setzen wir YouTube ein. Hierbei handelt es sich um ein Videoportal der Google Ireland Limited, Gordon House, Barrow Street, Dublin 4, Irland, nachfolgend nur \u201eYouTube\u201c genannt.<\/p>\n<p>Wir nutzen YouTube im Zusammenhang mit der Funktion \u201eErweiterter Datenschutzmodus\u201c, um Ihnen Videos anzeigen zu k\u00f6nnen. Im Falle einer von Ihnen erteilten Einwilligung f\u00fcr diese Verarbeitung ist Rechtsgrundlage Art. 6 Abs. 1 lit. a DSGVO. Rechtsgrundlage kann auch Art. 6 Abs. 1 lit. f DSGVO sein. Unser berechtigtes Interesse liegt in der Qualit\u00e4tsverbesserung unseres Internetauftritts. Die Funktion \u201eErweiterter Datenschutzmodus\u201c bewirkt laut Angaben von YouTube, dass die nachfolgend noch n\u00e4her bezeichneten Daten nur dann an den Server von YouTube \u00fcbermittelt werden, wenn Sie ein Video auch tats\u00e4chlich starten.<\/p>\n<p>Ohne diesen \u201eErweiterten Datenschutz\u201c wird eine Verbindung zum Server von YouTube in den USA hergestellt, sobald Sie eine unserer Internetseiten, auf der ein YouTube-Video eingebettet ist, aufrufen.<\/p>\n<p>Diese Verbindung ist erforderlich, um das jeweilige Video auf unserer Internetseite \u00fcber Ihren Internet-Browser darstellen zu k\u00f6nnen. Im Zuge dessen wird YouTube zumindest Ihre IP-Adresse, das Datum nebst Uhrzeit sowie die von Ihnen besuchte Internetseite erfassen und verarbeiten. Zudem wird eine Verbindung zu dem Werbenetzwerk \u201eDoubleClick\u201c von Google hergestellt.<\/p>\n<p>Sollten Sie gleichzeitig bei YouTube eingeloggt sein, weist YouTube die Verbindungsinformationen Ihrem YouTube-Konto zu. Wenn Sie das verhindern m\u00f6chten, m\u00fcssen Sie sich entweder vor dem Besuch unseres Internetauftritts bei YouTube ausloggen oder die entsprechenden Einstellungen in Ihrem YouTube-Benutzerkonto vornehmen.<\/p>\n<p>Zum Zwecke der Funktionalit\u00e4t sowie zur Analyse des Nutzungsverhaltens speichert YouTube dauerhaft Cookies \u00fcber Ihren Internet-Browser auf Ihrem Endger\u00e4t. Falls Sie mit dieser Verarbeitung nicht einverstanden sind, haben Sie die M\u00f6glichkeit, die Speicherung der Cookies durch eine Einstellung in Ihrem Internet-Browsers zu verhindern. N\u00e4here Informationen hierzu finden Sie vorstehend unter \u201eCookies\u201c.<\/p>\n<p>Weitergehende Informationen \u00fcber die Erhebung und Nutzung von Daten sowie Ihre diesbez\u00fcglichen Rechte und Schutzm\u00f6glichkeiten h\u00e4lt Google in den unter<\/p>\n<p><a href=\"https:\/\/policies.google.com\/privacy\" target=\"_blank\" rel=\"noopener nofollow\">https:\/\/policies.google.com\/privacy<\/a><\/p>\n<p>abrufbaren Datenschutzhinweisen bereit.<\/p>[\/et_pb_text][\/et_pb_column][\/et_pb_row][\/et_pb_section]\n","protected":false},"excerpt":{"rendered":"<p>Datenschutzerkl\u00e4rung Personenbezogene Daten (nachfolgend zumeist nur \u201eDaten\u201c genannt) werden von uns nur im Rahmen der Erforderlichkeit sowie zum Zwecke der Bereitstellung eines funktionsf\u00e4higen und nutzerfreundlichen Internetauftritts, inklusive seiner Inhalte und der dort angebotenen Leistungen, verarbeitet. Gem\u00e4\u00df Art. 4 Ziffer 1. der Verordnung (EU) 2016\/679, also der Datenschutz-Grundverordnung (nachfolgend nur \u201eDSGVO\u201c genannt), gilt als \u201eVerarbeitung\u201c jeder [&hellip;]<\/p>\n","protected":false},"author":2,"featured_media":0,"parent":0,"menu_order":0,"comment_status":"closed","ping_status":"closed","template":"","meta":{"_et_pb_use_builder":"on","_et_pb_old_content":"","_et_gb_content_width":"","footnotes":""},"class_list":["post-696","page","type-page","status-publish","hentry"],"_links":{"self":[{"href":"https:\/\/www.dafo-deutschland.de\/de\/wp-json\/wp\/v2\/pages\/696","targetHints":{"allow":["GET"]}}],"collection":[{"href":"https:\/\/www.dafo-deutschland.de\/de\/wp-json\/wp\/v2\/pages"}],"about":[{"href":"https:\/\/www.dafo-deutschland.de\/de\/wp-json\/wp\/v2\/types\/page"}],"author":[{"embeddable":true,"href":"https:\/\/www.dafo-deutschland.de\/de\/wp-json\/wp\/v2\/users\/2"}],"replies":[{"embeddable":true,"href":"https:\/\/www.dafo-deutschland.de\/de\/wp-json\/wp\/v2\/comments?post=696"}],"version-history":[{"count":0,"href":"https:\/\/www.dafo-deutschland.de\/de\/wp-json\/wp\/v2\/pages\/696\/revisions"}],"wp:attachment":[{"href":"https:\/\/www.dafo-deutschland.de\/de\/wp-json\/wp\/v2\/media?parent=696"}],"curies":[{"name":"wp","href":"https:\/\/api.w.org\/{rel}","templated":true}]}}